{"id":5658,"date":"2019-02-13T18:21:11","date_gmt":"2019-02-13T17:21:11","guid":{"rendered":"https:\/\/www.vindore.com\/es\/?post_type=product&#038;p=5658"},"modified":"2025-10-22T13:37:33","modified_gmt":"2025-10-22T12:37:33","slug":"ginebra-24-karat-rose","status":"publish","type":"product","link":"https:\/\/www.vindore.com\/es\/producto\/ginebra-24-karat-rose\/","title":{"rendered":"Ginebra 24 KARAT Ros\u00e9"},"content":{"rendered":"<p><\/p>\n<h2>Ginebra 24 KARAT Ros\u00e9<\/h2>\n<h4>LA PREMIUM GIN M\u00c1S CHIC LLEVA POLVO DE ORO 24K<\/h4>\n<p><strong>FASE VISUAL. Color:<\/strong> Rosado, transl\u00facido, con magn\u00ed\u00adficos destellos dorados parpadeantes gracias al polvo de oro 24K que destaca en su fondo rosa p\u00e1lido.<\/p>\n<p><strong>FASE OLFATIVA.<\/strong> Su intenso aroma a fresas dulces, notas especiadas, notas c\u00c3\u0083\u00edtricas y notas de alcohol consiguen un destilado suave, arom\u00e1tico, equilibrado y fresco.<\/p>\n<p><strong>FASE GUSTATIVA.<\/strong> Un bouquet \u00fanico hace que esta gin sea equilibrada en boca, suave y fresca, con matices c\u00edtricos y afrutados. Destaca el sabor a fresas naturales que aportan un toque dulce. Ligero picor propio de su alta graduaci\u00f3n alcoh\u00f3lica, muy fino por su doble destilaci\u00f3n. El polvo de oro no se aprecia en el paladar, pero aporta todas sus cualidades antioxidantes, rejuvenecedoras y anticancer\u00edgenas.<\/p>\n<p><strong>ELABORACI\u00c3\u0093N.<\/strong> Siguiendo el m\u00e9todo de doble destilaci\u00f3n, obtenemos una ginebra muy exclusiva, chic y glamurosa&#8230; simplemente \u00fanica. Para elaborar 24 KARAT GOLD ROS\u00c3\u0089, se utilizan fresones naturales DO Huelva recolectados y seleccionados cuidadosamente, que unidos a los 12 bot\u00e1nicos con los que se elabora, consiguen los matices perfectos para una ginebra premium.<\/p>\n<p>Tras la segunda destilaci\u00f3n, se deja macerar la ginebra con los fresones y bot\u00e1nicos durante 51 d\u00ed\u00adas y se a\u00f1ade la F\u00f3rmula \u00c3\u009anica de polvo de oro 24K que hace de esta Premium Gin una de las m\u00e1s glamurosas del mundo.<\/p>\n<p>&nbsp;<\/p>","protected":false},"excerpt":{"rendered":"<p>Ginebra 24 KARAT Ros\u00e9 LA PREMIUM GIN M\u00c1S CHIC LLEVA POLVO DE ORO 24K FASE VISUAL. Color: Rosado, transl\u00facido, con magn\u00ed\u00adficos destellos dorados parpadeantes gracias al polvo de oro 24K que destaca en su fondo rosa p\u00e1lido. FASE OLFATIVA. Su intenso aroma a fresas dulces, notas especiadas, notas c\u00c3\u0083\u00edtricas y notas de alcohol consiguen un&#8230; <\/p>\n<div class=\"clear\"><\/div>\n<p><a href=\"https:\/\/www.vindore.com\/es\/producto\/ginebra-24-karat-rose\/\" class=\"excerpt-read-more\">Read More<\/a><\/p>\n","protected":false},"featured_media":5663,"comment_status":"open","ping_status":"closed","template":"","meta":[],"product_brand":[],"product_cat":[67],"product_tag":[],"class_list":{"0":"post-5658","1":"product","2":"type-product","3":"status-publish","4":"has-post-thumbnail","6":"product_cat-uncategorized","8":"first","9":"instock","10":"shipping-taxable","11":"purchasable","12":"product-type-simple"},"_links":{"self":[{"href":"https:\/\/www.vindore.com\/es\/wp-json\/wp\/v2\/product\/5658","targetHints":{"allow":["GET"]}}],"collection":[{"href":"https:\/\/www.vindore.com\/es\/wp-json\/wp\/v2\/product"}],"about":[{"href":"https:\/\/www.vindore.com\/es\/wp-json\/wp\/v2\/types\/product"}],"replies":[{"embeddable":true,"href":"https:\/\/www.vindore.com\/es\/wp-json\/wp\/v2\/comments?post=5658"}],"wp:featuredmedia":[{"embeddable":true,"href":"https:\/\/www.vindore.com\/es\/wp-json\/wp\/v2\/media\/5663"}],"wp:attachment":[{"href":"https:\/\/www.vindore.com\/es\/wp-json\/wp\/v2\/media?parent=5658"}],"wp:term":[{"taxonomy":"product_brand","embeddable":true,"href":"https:\/\/www.vindore.com\/es\/wp-json\/wp\/v2\/product_brand?post=5658"},{"taxonomy":"product_cat","embeddable":true,"href":"https:\/\/www.vindore.com\/es\/wp-json\/wp\/v2\/product_cat?post=5658"},{"taxonomy":"product_tag","embeddable":true,"href":"https:\/\/www.vindore.com\/es\/wp-json\/wp\/v2\/product_tag?post=5658"}],"curies":[{"name":"wp","href":"https:\/\/api.w.org\/{rel}","templated":true}]}}