{"id":5661,"date":"2019-02-13T18:28:39","date_gmt":"2019-02-13T17:28:39","guid":{"rendered":"https:\/\/www.vindore.com\/es\/?post_type=product&#038;p=5661"},"modified":"2025-10-22T13:37:33","modified_gmt":"2025-10-22T12:37:33","slug":"ginebra-24-karat","status":"publish","type":"product","link":"https:\/\/www.vindore.com\/es\/producto\/ginebra-24-karat\/","title":{"rendered":"Ginebra 24 KARAT"},"content":{"rendered":"<p><\/p>\n<h2>Ginebra 24 KARAT LA PREMIUM GIN CON M\u00c1S GLAMOUR DEL MUNDO<\/h2>\n<p><strong>24 KARAT GIN<\/strong> es la nueva creaci\u00f3n de Vin Dor\u00e9 24K, poseedora de La Gama de Lujo Gastron\u00f3mico m\u00e1s importante del mundo. Es la \u00fanica ginebra de doble destilaci\u00f3n que incorpora polvo de oro de 24 quilates comestible, siendo as\u00ed\u00ad la perfecta combinaci\u00f3n entre elegancia, lujo y tradici\u00f3n.<\/p>\n<p>Elegante y fina, elaborada con selectos alcoholes de grano y 12 bot\u00e1nicos, y en el caso de 24 KARAT ROS\u00c3\u0089 con Fresones DO Huelva de la mayor calidad. El proceso de doble destilaci\u00f3n conserva y aporta a esta bebida tan exclusiva todo el aroma y sabor que desprenden los alambiques tradicionales.<\/p>\n<p>La combinaci\u00f3n de su color transparente o rosado con el polvo de oro 24K, hace que adem\u00e1s de poseer la m\u00e1xima calidad de las Premium Gin, sea muy exclusiva, ya que pocos productos -y menos bebidas espirituosas- incorporan este ingrediente tan preciado en la gastronom\u00ed\u00ada gourmet.<\/p>\n<p>Siguiendo los consejos de los mejores barmans, os presentamos los perfect serves que mejor combinan con <strong>24 KARAT GIN<\/strong> y <strong>24 KARAT GIN ROS\u00c3\u0089<\/strong>, utilizando la t\u00e9nica Schweppes Original para los combinados cl\u00e1sicos, Indian Tonic en las combinaciones afrutadas para destacar su frescura y Fever Tree en la combinaci\u00f3n con especias para preservar el aroma e intensidad.<\/p>","protected":false},"excerpt":{"rendered":"<p>Ginebra 24 KARAT LA PREMIUM GIN CON M\u00c1S GLAMOUR DEL MUNDO 24 KARAT GIN es la nueva creaci\u00f3n de Vin Dor\u00e9 24K, poseedora de La Gama de Lujo Gastron\u00f3mico m\u00e1s importante del mundo. Es la \u00fanica ginebra de doble destilaci\u00f3n que incorpora polvo de oro de 24 quilates comestible, siendo as\u00ed\u00ad la perfecta combinaci\u00f3n entre&#8230; <\/p>\n<div class=\"clear\"><\/div>\n<p><a href=\"https:\/\/www.vindore.com\/es\/producto\/ginebra-24-karat\/\" class=\"excerpt-read-more\">Read More<\/a><\/p>\n","protected":false},"featured_media":5665,"comment_status":"open","ping_status":"closed","template":"","meta":[],"product_brand":[],"product_cat":[67],"product_tag":[],"class_list":{"0":"post-5661","1":"product","2":"type-product","3":"status-publish","4":"has-post-thumbnail","6":"product_cat-uncategorized","8":"first","9":"instock","10":"shipping-taxable","11":"purchasable","12":"product-type-simple"},"_links":{"self":[{"href":"https:\/\/www.vindore.com\/es\/wp-json\/wp\/v2\/product\/5661","targetHints":{"allow":["GET"]}}],"collection":[{"href":"https:\/\/www.vindore.com\/es\/wp-json\/wp\/v2\/product"}],"about":[{"href":"https:\/\/www.vindore.com\/es\/wp-json\/wp\/v2\/types\/product"}],"replies":[{"embeddable":true,"href":"https:\/\/www.vindore.com\/es\/wp-json\/wp\/v2\/comments?post=5661"}],"wp:featuredmedia":[{"embeddable":true,"href":"https:\/\/www.vindore.com\/es\/wp-json\/wp\/v2\/media\/5665"}],"wp:attachment":[{"href":"https:\/\/www.vindore.com\/es\/wp-json\/wp\/v2\/media?parent=5661"}],"wp:term":[{"taxonomy":"product_brand","embeddable":true,"href":"https:\/\/www.vindore.com\/es\/wp-json\/wp\/v2\/product_brand?post=5661"},{"taxonomy":"product_cat","embeddable":true,"href":"https:\/\/www.vindore.com\/es\/wp-json\/wp\/v2\/product_cat?post=5661"},{"taxonomy":"product_tag","embeddable":true,"href":"https:\/\/www.vindore.com\/es\/wp-json\/wp\/v2\/product_tag?post=5661"}],"curies":[{"name":"wp","href":"https:\/\/api.w.org\/{rel}","templated":true}]}}