{"id":5658,"date":"2019-02-13T18:21:11","date_gmt":"2019-02-13T17:21:11","guid":{"rendered":"https:\/\/www.vindore.com\/es\/?post_type=product&#038;p=5658"},"modified":"2025-10-22T13:37:33","modified_gmt":"2025-10-22T12:37:33","slug":"ginebra-24-karat-rose","status":"publish","type":"product","link":"https:\/\/www.vindore.com\/fr\/produit\/ginebra-24-karat-rose\/","title":{"rendered":"(Espa\u00f1ol) Ginebra 24 KARAT Ros\u00e9"},"content":{"rendered":"<p><\/p>\n<h2>Ginebra 24 KARAT Ros\u00e9<\/h2>\n<h4><span class=\"tlid-translation translation\">LE PREMIER GIN PLUS CHIC WEARS GOLD POWDER 24K<\/span><\/h4>\n<p><strong><span class=\"tlid-translation translation\">PHASE VISUELLE.<\/span>\u00a0<\/strong><span class=\"tlid-translation translation\">Couleur: rose, translucide, avec de magnifiques clignotements dor\u00e9s gr\u00c3\u0083\u00a2ce \u00c3\u0083\u00a0 la poussi\u00c3\u0083\u00a8re d&rsquo;or 24K qui se d\u00e9tache sur son fond rose p\u00c3\u0083\u00a2le.<\/span><\/p>\n<p><strong><span class=\"tlid-translation translation\">PHASE OLFACTIVE.<\/span><\/strong>\u00a0<span class=\"tlid-translation translation\">Son ar\u00c3\u0083\u00b4me intense de fraise sucr\u00e9e, ses notes \u00e9pic\u00e9es, ses notes d&rsquo;agrumes et d&rsquo;alcool donnent un distillat doux, aromatique, \u00e9quilibr\u00e9 et frais.<\/span><\/p>\n<p><strong><span class=\"tlid-translation translation\">PHASE DU GO\u00c3\u0083\u00e2\u0080\u00baT.<\/span>\u00a0<\/strong><span class=\"tlid-translation translation\">Un bouquet unique rend ce gin \u00e9quilibr\u00e9 en bouche, doux et frais, avec des nuances d&rsquo;agrumes et de fruits. Souligne le go\u00c3\u0083\u00bbt des fraises naturelles qui apportent une touche sucr\u00e9e. L\u00e9g\u00c3\u0083\u00a8re d\u00e9mangeaison caract\u00e9ristique de sa teneur en alcool \u00e9lev\u00e9e, tr\u00c3\u0083\u00a8s fine en raison de sa double distillation. La poussi\u00c3\u0083\u00a8re d&rsquo;or n&rsquo;est pas appr\u00e9ci\u00e9e en bouche, mais elle apporte toutes ses qualit\u00e9s antioxydantes, rajeunissantes et anticanc\u00e9reuses.<\/span><\/p>\n<p><span class=\"tlid-translation translation\">Pr\u00e9paration En suivant la m\u00e9thode de la double distillation, nous obtenons un gin tr\u00c3\u0083\u00a8s exclusif, chic et glamour &#8230; tout simplement unique. Pour produire 24 KARAT GOLD ROS\u00c3\u0089, les fraises naturelles DO Huelva sont soigneusement collect\u00e9es et s\u00e9lectionn\u00e9es et, avec les 12 substances botaniques avec lesquelles il est fabriqu\u00e9, obtenez les nuances parfaites pour un gin de qualit\u00e9 sup\u00e9rieure.<\/span><\/p>\n<p><span class=\"tlid-translation translation\">Apr\u00c3\u0083\u00a8s la deuxi\u00c3\u0083\u00a8me distillation, le gin est autoris\u00e9 \u00c3\u0083\u00a0 s&rsquo;impr\u00e9gner de fraises et de plantes pendant 51 jours et la formule unique de poudre d&rsquo;or 24K est ajout\u00e9e, ce qui fait de ce gin Premium l&rsquo;un des plus glamour du monde.<\/span><\/p>","protected":false},"excerpt":{"rendered":"<p>Ginebra 24 KARAT Ros\u00e9 LE PREMIER GIN PLUS CHIC WEARS GOLD POWDER 24K PHASE VISUELLE.\u00a0Couleur: rose, translucide, avec de magnifiques clignotements dor\u00e9s gr\u00c3\u0083\u00a2ce \u00c3\u0083\u00a0 la poussi\u00c3\u0083\u00a8re d&rsquo;or 24K qui se d\u00e9tache sur son fond rose p\u00c3\u0083\u00a2le. PHASE OLFACTIVE.\u00a0Son ar\u00c3\u0083\u00b4me intense de fraise sucr\u00e9e, ses notes \u00e9pic\u00e9es, ses notes d&rsquo;agrumes et d&rsquo;alcool donnent un distillat doux,&#8230; <\/p>\n<div class=\"clear\"><\/div>\n<p><a href=\"https:\/\/www.vindore.com\/fr\/produit\/ginebra-24-karat-rose\/\" class=\"excerpt-read-more\">Read More<\/a><\/p>\n","protected":false},"featured_media":5663,"comment_status":"open","ping_status":"closed","template":"","meta":[],"product_brand":[],"product_cat":[67],"product_tag":[],"class_list":{"0":"post-5658","1":"product","2":"type-product","3":"status-publish","4":"has-post-thumbnail","6":"product_cat-uncategorized","8":"first","9":"instock","10":"shipping-taxable","11":"purchasable","12":"product-type-simple"},"_links":{"self":[{"href":"https:\/\/www.vindore.com\/fr\/wp-json\/wp\/v2\/product\/5658","targetHints":{"allow":["GET"]}}],"collection":[{"href":"https:\/\/www.vindore.com\/fr\/wp-json\/wp\/v2\/product"}],"about":[{"href":"https:\/\/www.vindore.com\/fr\/wp-json\/wp\/v2\/types\/product"}],"replies":[{"embeddable":true,"href":"https:\/\/www.vindore.com\/fr\/wp-json\/wp\/v2\/comments?post=5658"}],"wp:featuredmedia":[{"embeddable":true,"href":"https:\/\/www.vindore.com\/fr\/wp-json\/wp\/v2\/media\/5663"}],"wp:attachment":[{"href":"https:\/\/www.vindore.com\/fr\/wp-json\/wp\/v2\/media?parent=5658"}],"wp:term":[{"taxonomy":"product_brand","embeddable":true,"href":"https:\/\/www.vindore.com\/fr\/wp-json\/wp\/v2\/product_brand?post=5658"},{"taxonomy":"product_cat","embeddable":true,"href":"https:\/\/www.vindore.com\/fr\/wp-json\/wp\/v2\/product_cat?post=5658"},{"taxonomy":"product_tag","embeddable":true,"href":"https:\/\/www.vindore.com\/fr\/wp-json\/wp\/v2\/product_tag?post=5658"}],"curies":[{"name":"wp","href":"https:\/\/api.w.org\/{rel}","templated":true}]}}