{"id":5661,"date":"2019-02-13T18:28:39","date_gmt":"2019-02-13T17:28:39","guid":{"rendered":"https:\/\/www.vindore.com\/es\/?post_type=product&#038;p=5661"},"modified":"2025-10-22T13:37:33","modified_gmt":"2025-10-22T12:37:33","slug":"ginebra-24-karat","status":"publish","type":"product","link":"https:\/\/www.vindore.com\/fr\/produit\/ginebra-24-karat\/","title":{"rendered":"Ginebra 24 KARAT"},"content":{"rendered":"<p><\/p>\n<h2><span class=\"tlid-translation translation\"><span class=\"\" title=\"\">Geneva 24 KARAT LE PREMIER GIN AU PLUS GLAMOUR DU MONDE<\/span><\/span><\/h2>\n<p><span class=\"tlid-translation translation\"><strong>24 KARAT GIN<\/strong> est la nouvelle cr\u00e9ation de Vin Dor\u00e9 24K, propri\u00e9taire de la plus importante gamme de produits de luxe gastronomiques au monde. C&rsquo;est le seul gin \u00c3\u0083\u00a0 double distillation qui incorpore de la poudre d&rsquo;or comestible \u00c3\u0083\u00a0 24 carats, ce qui en fait l&rsquo;alliance parfaite entre \u00e9l\u00e9gance, luxe et tradition.<\/span><\/p>\n<p>\u00c3\u0089l\u00e9gant et raffin\u00e9, compos\u00e9 d\u00c3\u00a2\u00e2\u0082\u00ac&#x2122;alcools de grains s\u00e9lectionn\u00e9s et de 12 plantes botaniques, et dans le cas du 24 KARAT ROS\u00c3\u0089 avec Huelva Fresones DO de la plus haute qualit\u00e9. Le processus de double distillation pr\u00e9serve et contribue \u00c3\u0083\u00a0 cette boisson exclusive tous les ar\u00c3\u0083\u00b4mes et les saveurs que d\u00e9gagent les alambics traditionnels.<\/p>\n<p>La combinaison de sa couleur transparente ou rose avec la poussi\u00c3\u0083\u00a8re d&rsquo;or 24K lui conf\u00c3\u0083\u00a8re, outre le fait qu&rsquo;il soit de la plus haute qualit\u00e9, le Premium Gin. Il est tr\u00c3\u0083\u00a8s exclusif, car peu de produits &#8211; et moins de spiritueux &#8211; incorporent ce pr\u00e9cieux ingr\u00e9dient dans la gastronomie. gourmet<\/p>\n<p>Suivant les conseils des meilleurs barmans, nous pr\u00e9sentons les plats parfaits qui se combinent le mieux avec <strong>24 KARAT GIN<\/strong> et <strong>24 KARAT GIN ROS\u00c3\u0089<\/strong>, en utilisant le tonique Schweppes Original pour les combinaisons classiques, Indian Tonic dans les combinaisons fruit\u00e9es pour mettre en valeur sa fra\u00c3\u0083\u00aecheur et Fever Tree dans la combinaison avec des \u00e9pices pour pr\u00e9server l&rsquo;ar\u00c3\u0083\u00b4me et l&rsquo;intensit\u00e9.<\/p>\n<p>&nbsp;<\/p>","protected":false},"excerpt":{"rendered":"<p>Geneva 24 KARAT LE PREMIER GIN AU PLUS GLAMOUR DU MONDE 24 KARAT GIN est la nouvelle cr\u00e9ation de Vin Dor\u00e9 24K, propri\u00e9taire de la plus importante gamme de produits de luxe gastronomiques au monde. C&rsquo;est le seul gin \u00c3\u0083\u00a0 double distillation qui incorpore de la poudre d&rsquo;or comestible \u00c3\u0083\u00a0 24 carats, ce qui en&#8230; <\/p>\n<div class=\"clear\"><\/div>\n<p><a href=\"https:\/\/www.vindore.com\/fr\/produit\/ginebra-24-karat\/\" class=\"excerpt-read-more\">Read More<\/a><\/p>\n","protected":false},"featured_media":5665,"comment_status":"open","ping_status":"closed","template":"","meta":[],"product_brand":[],"product_cat":[67],"product_tag":[],"class_list":{"0":"post-5661","1":"product","2":"type-product","3":"status-publish","4":"has-post-thumbnail","6":"product_cat-uncategorized","8":"first","9":"instock","10":"shipping-taxable","11":"purchasable","12":"product-type-simple"},"_links":{"self":[{"href":"https:\/\/www.vindore.com\/fr\/wp-json\/wp\/v2\/product\/5661","targetHints":{"allow":["GET"]}}],"collection":[{"href":"https:\/\/www.vindore.com\/fr\/wp-json\/wp\/v2\/product"}],"about":[{"href":"https:\/\/www.vindore.com\/fr\/wp-json\/wp\/v2\/types\/product"}],"replies":[{"embeddable":true,"href":"https:\/\/www.vindore.com\/fr\/wp-json\/wp\/v2\/comments?post=5661"}],"wp:featuredmedia":[{"embeddable":true,"href":"https:\/\/www.vindore.com\/fr\/wp-json\/wp\/v2\/media\/5665"}],"wp:attachment":[{"href":"https:\/\/www.vindore.com\/fr\/wp-json\/wp\/v2\/media?parent=5661"}],"wp:term":[{"taxonomy":"product_brand","embeddable":true,"href":"https:\/\/www.vindore.com\/fr\/wp-json\/wp\/v2\/product_brand?post=5661"},{"taxonomy":"product_cat","embeddable":true,"href":"https:\/\/www.vindore.com\/fr\/wp-json\/wp\/v2\/product_cat?post=5661"},{"taxonomy":"product_tag","embeddable":true,"href":"https:\/\/www.vindore.com\/fr\/wp-json\/wp\/v2\/product_tag?post=5661"}],"curies":[{"name":"wp","href":"https:\/\/api.w.org\/{rel}","templated":true}]}}